{"id":854,"date":"2025-09-15T10:34:03","date_gmt":"2025-09-15T10:34:03","guid":{"rendered":"https:\/\/fhcinevideotv.com\/?page_id=854"},"modified":"2025-09-15T10:47:10","modified_gmt":"2025-09-15T10:47:10","slug":"trailers","status":"publish","type":"page","link":"https:\/\/fhcinevideotv.com\/?page_id=854","title":{"rendered":"TRAILERS"},"content":{"rendered":"\n<pre class=\"wp-block-code\"><code><center><iframe loading=\"lazy\" width=\"560\" height=\"315\" src=\"https:\/\/www.youtube.com\/embed\/ej301n4HfVk?si=D1uK1yA5HXtyZJrZ\" title=\"YouTube video player\" frameborder=\"0\" allow=\"accelerometer; autoplay; clipboard-write; encrypted-media; gyroscope; picture-in-picture; web-share\" referrerpolicy=\"strict-origin-when-cross-origin\" allowfullscreen=\"\"><\/iframe><\/center><\/code><\/pre>\n\n\n\n<p style=\"text-align:justify;\"><h2>EL TRIUNFO DE LA VOLUNTAD (NUEVA EDICI\u00d3N RESTAURADA) TRAILER OFICIAL FRANCISCO HERRERA \u00a9 COPYRIGHT 2002 FRANCISCO HERRERA (PRODUCCI\u00d3N) TODOS LOS DERECHOS RESERVADOS &#8211; ALL RIGHTS RESERVED Importante documental considerado una obra maestra del arte cinematogr\u00e1fico, que consigui\u00f3 inmortalizar el famoso congreso de Nuremberg de 1934, organizado por el nazismo tras haber llegado al poder obtuvo los elogios de Chaplin y fue premiada en la exposici\u00f3n de Paris en 1937. Film adaptado y doblado por primera vez en castellano por el prestigioso director de doblaje \u00c1ngel Sacrist\u00e1n, y por primeras figuras del mundo del doblaje en los estudios P\u00c1NICO MADRID . DOBLAJE ESPA\u00d1OL (CASTELLANO) \u00a9 COPYRIGHT 2002 FRANCISCO HERRERA (PRODUCCI\u00d3N Y DISTRIBUCI\u00d3N) Dep\u00f3sito legal G.C. 510-2002 &#8211; Expediente ICCA: 7288240. DISTRIBUCI\u00d3N EXCLUSIVA: EDICI\u00d3N ESPECIAL OFICIAL DE LUJO LIMITADA PARA COLECCIONISTAS EN DVD Y BLU-RAY www.coleccinismocinematografico.com<\/h2><\/p>\n\n\n\n<pre class=\"wp-block-code\"><code><center><iframe loading=\"lazy\" width=\"560\" height=\"315\" src=\"https:\/\/www.youtube.com\/embed\/uKWrN88cnws?si=D745o4AKi2Mbb8FZ\" title=\"YouTube video player\" frameborder=\"0\" allow=\"accelerometer; autoplay; clipboard-write; encrypted-media; gyroscope; picture-in-picture; web-share\" referrerpolicy=\"strict-origin-when-cross-origin\" allowfullscreen=\"\"><\/iframe><\/center><\/code><\/pre>\n","protected":false},"excerpt":{"rendered":"<p>EL TRIUNFO DE LA VOLUNTAD (NUEVA EDICI\u00d3N RESTAURADA) TRAILER OFICIAL FRANCISCO HERRERA \u00a9 COPYRIGHT 2002 FRANCISCO HERRERA (PRODUCCI\u00d3N) TODOS LOS DERECHOS RESERVADOS &#8211; ALL RIGHTS RESERVED Importante documental considerado una obra maestra del arte cinematogr\u00e1fico, que consigui\u00f3 inmortalizar el famoso congreso de Nuremberg de 1934, organizado por el nazismo tras haber llegado al poder obtuvo [&hellip;]<\/p>\n","protected":false},"author":1,"featured_media":0,"parent":0,"menu_order":0,"comment_status":"closed","ping_status":"closed","template":"","meta":[],"_links":{"self":[{"href":"https:\/\/fhcinevideotv.com\/index.php?rest_route=\/wp\/v2\/pages\/854"}],"collection":[{"href":"https:\/\/fhcinevideotv.com\/index.php?rest_route=\/wp\/v2\/pages"}],"about":[{"href":"https:\/\/fhcinevideotv.com\/index.php?rest_route=\/wp\/v2\/types\/page"}],"author":[{"embeddable":true,"href":"https:\/\/fhcinevideotv.com\/index.php?rest_route=\/wp\/v2\/users\/1"}],"replies":[{"embeddable":true,"href":"https:\/\/fhcinevideotv.com\/index.php?rest_route=%2Fwp%2Fv2%2Fcomments&post=854"}],"version-history":[{"count":7,"href":"https:\/\/fhcinevideotv.com\/index.php?rest_route=\/wp\/v2\/pages\/854\/revisions"}],"predecessor-version":[{"id":878,"href":"https:\/\/fhcinevideotv.com\/index.php?rest_route=\/wp\/v2\/pages\/854\/revisions\/878"}],"wp:attachment":[{"href":"https:\/\/fhcinevideotv.com\/index.php?rest_route=%2Fwp%2Fv2%2Fmedia&parent=854"}],"curies":[{"name":"wp","href":"https:\/\/api.w.org\/{rel}","templated":true}]}}